{"id":918,"date":"2020-05-11T08:31:53","date_gmt":"2020-05-11T08:31:53","guid":{"rendered":"https:\/\/avatud.tthk.ee\/?page_id=918"},"modified":"2020-05-11T08:31:54","modified_gmt":"2020-05-11T08:31:54","slug":"baltic-sea-fashion-day-2019","status":"publish","type":"page","link":"https:\/\/avatud.tthk.ee\/?page_id=918","title":{"rendered":"Baltic Sea Fashion Day 2019"},"content":{"rendered":"\n<p>TTHK r\u00e4tsepatel on tihe koost\u00f6\u00f6\u00a0 Balti mere regioonide teiste koolidega ; Ogre technical School \u00a0&#8211; L\u00e4tist ,\u00a0 Karaliaus Mindaugas Vocational Centre \u2013 Leedust , Stadin Ammati ja Aikuisopisto \u2013 Soomest.<\/p>\n\n\n\n<p>Igal aastal korraldab \u00fcks partneritest \u00fcrituse\u00a0 Baltic Sea Fashion Day, kus k\u00f5ik koolid astuvad \u00fclesse oma moeshow`ga. 2019 a aprillis v\u00f5\u00f5rustas TTHK oma k\u00fclalisi Tallinnas ja toimus\u00a0 moeshow \u201e Northern Oddity \u201e<\/p>\n","protected":false},"excerpt":{"rendered":"<p>TTHK r\u00e4tsepatel on tihe koost\u00f6\u00f6\u00a0 Balti mere regioonide teiste koolidega ; Ogre technical School \u00a0&#8211; L\u00e4tist ,\u00a0 Karaliaus Mindaugas Vocational Centre \u2013 Leedust , Stadin Ammati ja Aikuisopisto \u2013 Soomest. Igal aastal korraldab \u00fcks partneritest \u00fcrituse\u00a0 Baltic Sea Fashion Day, kus k\u00f5ik koolid astuvad \u00fclesse oma moeshow`ga. 2019 a aprillis v\u00f5\u00f5rustas TTHK oma k\u00fclalisi Tallinnas &hellip; <\/p>\n<p class=\"link-more\"><a href=\"https:\/\/avatud.tthk.ee\/?page_id=918\" class=\"more-link\">Loe edasi<span class=\"screen-reader-text\"> &#8220;Baltic Sea Fashion Day 2019&#8221;<\/span><\/a><\/p>\n","protected":false},"author":3,"featured_media":0,"parent":656,"menu_order":0,"comment_status":"closed","ping_status":"closed","template":"","meta":{"footnotes":""},"class_list":["post-918","page","type-page","status-publish","hentry"],"yoast_head":"<!-- This site is optimized with the Yoast SEO plugin v22.5 - https:\/\/yoast.com\/wordpress\/plugins\/seo\/ -->\n<title>Baltic Sea Fashion Day 2019 -<\/title>\n<meta name=\"robots\" content=\"index, follow, max-snippet:-1, max-image-preview:large, max-video-preview:-1\" \/>\n<link rel=\"canonical\" href=\"https:\/\/avatud.tthk.ee\/?page_id=918\" \/>\n<meta property=\"og:locale\" content=\"et_EE\" \/>\n<meta property=\"og:type\" content=\"article\" \/>\n<meta property=\"og:title\" content=\"Baltic Sea Fashion Day 2019 -\" \/>\n<meta property=\"og:description\" content=\"TTHK r\u00e4tsepatel on tihe koost\u00f6\u00f6\u00a0 Balti mere regioonide teiste koolidega ; Ogre technical School \u00a0&#8211; L\u00e4tist ,\u00a0 Karaliaus Mindaugas Vocational Centre \u2013 Leedust , Stadin Ammati ja Aikuisopisto \u2013 Soomest. Igal aastal korraldab \u00fcks partneritest \u00fcrituse\u00a0 Baltic Sea Fashion Day, kus k\u00f5ik koolid astuvad \u00fclesse oma moeshow`ga. 2019 a aprillis v\u00f5\u00f5rustas TTHK oma k\u00fclalisi Tallinnas &hellip; Loe edasi &quot;Baltic Sea Fashion Day 2019&quot;\" \/>\n<meta property=\"og:url\" content=\"https:\/\/avatud.tthk.ee\/?page_id=918\" \/>\n<meta property=\"article:modified_time\" content=\"2020-05-11T08:31:54+00:00\" \/>\n<meta name=\"twitter:card\" content=\"summary_large_image\" \/>\n<script type=\"application\/ld+json\" class=\"yoast-schema-graph\">{\"@context\":\"https:\/\/schema.org\",\"@graph\":[{\"@type\":\"WebPage\",\"@id\":\"https:\/\/avatud.tthk.ee\/?page_id=918\",\"url\":\"https:\/\/avatud.tthk.ee\/?page_id=918\",\"name\":\"Baltic Sea Fashion Day 2019 -\",\"isPartOf\":{\"@id\":\"https:\/\/avatud.tthk.ee\/#website\"},\"datePublished\":\"2020-05-11T08:31:53+00:00\",\"dateModified\":\"2020-05-11T08:31:54+00:00\",\"breadcrumb\":{\"@id\":\"https:\/\/avatud.tthk.ee\/?page_id=918#breadcrumb\"},\"inLanguage\":\"et\",\"potentialAction\":[{\"@type\":\"ReadAction\",\"target\":[\"https:\/\/avatud.tthk.ee\/?page_id=918\"]}]},{\"@type\":\"BreadcrumbList\",\"@id\":\"https:\/\/avatud.tthk.ee\/?page_id=918#breadcrumb\",\"itemListElement\":[{\"@type\":\"ListItem\",\"position\":1,\"name\":\"Home\",\"item\":\"https:\/\/avatud.tthk.ee\/\"},{\"@type\":\"ListItem\",\"position\":2,\"name\":\"Toimunud \u00fcritused\",\"item\":\"https:\/\/avatud.tthk.ee\/?page_id=473\"},{\"@type\":\"ListItem\",\"position\":3,\"name\":\"Moeshowd\",\"item\":\"https:\/\/avatud.tthk.ee\/?page_id=656\"},{\"@type\":\"ListItem\",\"position\":4,\"name\":\"Baltic Sea Fashion Day 2019\"}]},{\"@type\":\"WebSite\",\"@id\":\"https:\/\/avatud.tthk.ee\/#website\",\"url\":\"https:\/\/avatud.tthk.ee\/\",\"name\":\"\",\"description\":\"\",\"potentialAction\":[{\"@type\":\"SearchAction\",\"target\":{\"@type\":\"EntryPoint\",\"urlTemplate\":\"https:\/\/avatud.tthk.ee\/?s={search_term_string}\"},\"query-input\":\"required name=search_term_string\"}],\"inLanguage\":\"et\"}]}<\/script>\n<!-- \/ Yoast SEO plugin. -->","yoast_head_json":{"title":"Baltic Sea Fashion Day 2019 -","robots":{"index":"index","follow":"follow","max-snippet":"max-snippet:-1","max-image-preview":"max-image-preview:large","max-video-preview":"max-video-preview:-1"},"canonical":"https:\/\/avatud.tthk.ee\/?page_id=918","og_locale":"et_EE","og_type":"article","og_title":"Baltic Sea Fashion Day 2019 -","og_description":"TTHK r\u00e4tsepatel on tihe koost\u00f6\u00f6\u00a0 Balti mere regioonide teiste koolidega ; Ogre technical School \u00a0&#8211; L\u00e4tist ,\u00a0 Karaliaus Mindaugas Vocational Centre \u2013 Leedust , Stadin Ammati ja Aikuisopisto \u2013 Soomest. Igal aastal korraldab \u00fcks partneritest \u00fcrituse\u00a0 Baltic Sea Fashion Day, kus k\u00f5ik koolid astuvad \u00fclesse oma moeshow`ga. 2019 a aprillis v\u00f5\u00f5rustas TTHK oma k\u00fclalisi Tallinnas &hellip; Loe edasi \"Baltic Sea Fashion Day 2019\"","og_url":"https:\/\/avatud.tthk.ee\/?page_id=918","article_modified_time":"2020-05-11T08:31:54+00:00","twitter_card":"summary_large_image","schema":{"@context":"https:\/\/schema.org","@graph":[{"@type":"WebPage","@id":"https:\/\/avatud.tthk.ee\/?page_id=918","url":"https:\/\/avatud.tthk.ee\/?page_id=918","name":"Baltic Sea Fashion Day 2019 -","isPartOf":{"@id":"https:\/\/avatud.tthk.ee\/#website"},"datePublished":"2020-05-11T08:31:53+00:00","dateModified":"2020-05-11T08:31:54+00:00","breadcrumb":{"@id":"https:\/\/avatud.tthk.ee\/?page_id=918#breadcrumb"},"inLanguage":"et","potentialAction":[{"@type":"ReadAction","target":["https:\/\/avatud.tthk.ee\/?page_id=918"]}]},{"@type":"BreadcrumbList","@id":"https:\/\/avatud.tthk.ee\/?page_id=918#breadcrumb","itemListElement":[{"@type":"ListItem","position":1,"name":"Home","item":"https:\/\/avatud.tthk.ee\/"},{"@type":"ListItem","position":2,"name":"Toimunud \u00fcritused","item":"https:\/\/avatud.tthk.ee\/?page_id=473"},{"@type":"ListItem","position":3,"name":"Moeshowd","item":"https:\/\/avatud.tthk.ee\/?page_id=656"},{"@type":"ListItem","position":4,"name":"Baltic Sea Fashion Day 2019"}]},{"@type":"WebSite","@id":"https:\/\/avatud.tthk.ee\/#website","url":"https:\/\/avatud.tthk.ee\/","name":"","description":"","potentialAction":[{"@type":"SearchAction","target":{"@type":"EntryPoint","urlTemplate":"https:\/\/avatud.tthk.ee\/?s={search_term_string}"},"query-input":"required name=search_term_string"}],"inLanguage":"et"}]}},"jetpack_sharing_enabled":true,"_links":{"self":[{"href":"https:\/\/avatud.tthk.ee\/index.php?rest_route=\/wp\/v2\/pages\/918","targetHints":{"allow":["GET"]}}],"collection":[{"href":"https:\/\/avatud.tthk.ee\/index.php?rest_route=\/wp\/v2\/pages"}],"about":[{"href":"https:\/\/avatud.tthk.ee\/index.php?rest_route=\/wp\/v2\/types\/page"}],"author":[{"embeddable":true,"href":"https:\/\/avatud.tthk.ee\/index.php?rest_route=\/wp\/v2\/users\/3"}],"replies":[{"embeddable":true,"href":"https:\/\/avatud.tthk.ee\/index.php?rest_route=%2Fwp%2Fv2%2Fcomments&post=918"}],"version-history":[{"count":1,"href":"https:\/\/avatud.tthk.ee\/index.php?rest_route=\/wp\/v2\/pages\/918\/revisions"}],"predecessor-version":[{"id":919,"href":"https:\/\/avatud.tthk.ee\/index.php?rest_route=\/wp\/v2\/pages\/918\/revisions\/919"}],"up":[{"embeddable":true,"href":"https:\/\/avatud.tthk.ee\/index.php?rest_route=\/wp\/v2\/pages\/656"}],"wp:attachment":[{"href":"https:\/\/avatud.tthk.ee\/index.php?rest_route=%2Fwp%2Fv2%2Fmedia&parent=918"}],"curies":[{"name":"wp","href":"https:\/\/api.w.org\/{rel}","templated":true}]}}