{"id":747,"date":"2020-05-03T23:41:14","date_gmt":"2020-05-03T23:41:14","guid":{"rendered":"https:\/\/avatud.tthk.ee\/?page_id=747"},"modified":"2020-05-13T23:17:49","modified_gmt":"2020-05-13T23:17:49","slug":"meesteratsep","status":"publish","type":"page","link":"https:\/\/avatud.tthk.ee\/?page_id=747","title":{"rendered":"Meester\u00e4tsep"},"content":{"rendered":"\n<p class=\"has-text-color has-medium-font-size has-vivid-red-color\">\u00d5ppevorm ja tase<\/p>\n\n\n\n<p>Keskhariduse baasil statsionaarne 5 taseme j\u00e4tku\u00f5pe, kestvusega 1 aastat.<\/p>\n\n\n\n<p class=\"has-text-color has-medium-font-size has-vivid-red-color\">Eriala iseloomustus<\/p>\n\n\n\n<p>Meester\u00e4tsep on r\u00e4tsepat\u00f6\u00f6 eriala j\u00e4tku\u00f5pe meeste toodete alal.<\/p>\n\n\n\n<p>Meester\u00e4tsep valmistab l\u00f5ikeid ja \u00f5mbleb s\u00e4rgi, p\u00fcksid, vesti, pintsaku ja mantli. <\/p>\n\n\n\n<p>Lisaks \u00f5pib erialast joonistamist, stiili- ja materjali\u00f5petust, karj\u00e4\u00e4riplaneerimist ja ettev\u00f5tlust, klienditeenindust ning valik\u00f5pingute raames erialast vene- ja inglise keelt, jope&nbsp; \u00f5mblemist ja r\u00f5ivalisandite valmistamist.<\/p>\n\n\n\n<p class=\"has-text-color has-medium-font-size has-vivid-red-color\">T\u00f6\u00f6alased v\u00f5imalused<\/p>\n\n\n\n<p>L\u00f5petajad saavad t\u00f6\u00f6le asuda moeateljeedesse, disainerite moestuudiotesse v\u00f5i  luua oma ettev\u00f5te.<\/p>\n\n\n\n<p>T\u00f6\u00f6keskkond oleneb v\u00e4ga palju t\u00f6\u00f6kohast ja t\u00f6\u00f6 olemusest. Suurtes tootmisettev\u00f5tetes v\u00f5ib olla t\u00f6\u00f6keskkonnaks tootmishoone, mis on tavap\u00e4rasest k\u00f5rgema temperatuuriga. V\u00e4iksemates ateljeedes toimub aga t\u00f6\u00f6 tavakeskkonnas ilma suurte ise\u00e4rasusteta.<\/p>\n\n\n\n<p>T\u00f6\u00f6 eeldab distsipliini, vastutustunnet, t\u00f6\u00f6juhendite t\u00e4itmist ja meeskonnat\u00f6\u00f6 oskust. Vajalike eelduste hulka kuuluvad ka s\u00f5rmeosavus, liigutuste kiirus, t\u00e4psus ja silmam\u00f5\u00f5t.<\/p>\n\n\n\n<p>Meester\u00e4tsepa t\u00f6\u00f6 annab v\u00f5imaluse luua midagi k\u00e4egakatsutavat ja osaleda n\u00fc\u00fcdisaegse moesuuna loomisel meestele.<\/p>\n\n\n\n<p class=\"has-text-color has-medium-font-size has-vivid-red-color\">Vastuv\u00f5tu tingimused<\/p>\n\n\n\n<p>Vastuv\u00f5tt toimub keskkooli tunnistuse ja hinnetelehel olevate hinnete keskmise j\u00e4rgi koostatud pingerea alusel.&nbsp;K\u00f5igi soovijatega viiakse l\u00e4bi vestlus 13.08.2020 kell 10:00. Kontakt riina.tenno@tthk.ee.<\/p>\n\n\n\n<p>V\u00f5tame vastu eesti keelseid \u00f5ppijaid. <\/p>\n\n\n\n<p class=\"has-text-color has-medium-font-size has-vivid-red-color\">Tuleb kasuks<\/p>\n\n\n\n<ul class=\"wp-block-list\"><li>huvi moekunsti, materjalide ja moetrendide vastu;<\/li><li>huvi \u00f5mblemise, k\u00e4sit\u00f6\u00f6 ja k\u00e4eosavust arendavale tegevusele;<\/li><li>loominguline silm, oskus joonistatut ette kujutada, visualiseerida;<\/li><li>vormi-, stiili- ja v\u00e4rvitaju;<\/li><li>teadmised matemaatikast, joonestamisest, kunsti\u00f5petusest;<\/li><li>t\u00e4psus, kiirus, p\u00fcsivus, kannatlikkus.<\/li><\/ul>\n\n\n\n<p class=\"has-text-color has-medium-font-size has-vivid-red-color\"><a href=\"https:\/\/avatud.tthk.ee\/wp-content\/uploads\/2020\/05\/Meester\u00e4tsep-5-taseme-j\u00e4tku\u00f5pe-\u00f5ppekava-maht-601EKAP.pdf\">\u00d5ppekava<\/a><\/p>\n\n\n\n<p class=\"has-text-color has-medium-font-size has-vivid-red-color\">\u00d5pilased erialast<\/p>\n\n\n\n<figure class=\"wp-block-embed-youtube wp-block-embed is-type-video is-provider-youtube wp-embed-aspect-16-9 wp-has-aspect-ratio\"><div class=\"wp-block-embed__wrapper\">\n<iframe loading=\"lazy\" title=\"Eve Koost erialadest meeste r\u00e4tsep ja naiste \u00fcler\u00f5ivaste r\u00e4tsep\" width=\"525\" height=\"295\" src=\"https:\/\/www.youtube.com\/embed\/bB15gcl9Iw0?feature=oembed\" frameborder=\"0\" allow=\"accelerometer; autoplay; clipboard-write; encrypted-media; gyroscope; picture-in-picture; web-share\" referrerpolicy=\"strict-origin-when-cross-origin\" allowfullscreen><\/iframe>\n<\/div><\/figure>\n\n\n\n<p class=\"has-text-color has-medium-font-size has-vivid-red-color\">Eriala tutvustavad videod<\/p>\n\n\n\n<p><a href=\"https:\/\/avatud.tthk.ee\/?page_id=775\">Moeshow 2019 &#8220;P\u00f5hjamaiselt ekstsentriline&#8221;<\/a><\/p>\n\n\n\n<figure class=\"wp-block-embed-youtube wp-block-embed is-type-video is-provider-youtube wp-embed-aspect-16-9 wp-has-aspect-ratio\"><div class=\"wp-block-embed__wrapper\">\n<iframe loading=\"lazy\" title=\"TTHK Teaser 2019 Kevad\" width=\"525\" height=\"295\" src=\"https:\/\/www.youtube.com\/embed\/xv2tWehD1Y4?feature=oembed\" frameborder=\"0\" allow=\"accelerometer; autoplay; clipboard-write; encrypted-media; gyroscope; picture-in-picture; web-share\" referrerpolicy=\"strict-origin-when-cross-origin\" allowfullscreen><\/iframe>\n<\/div><\/figure>\n\n\n\n<figure class=\"wp-block-embed-youtube wp-block-embed is-type-video is-provider-youtube wp-embed-aspect-16-9 wp-has-aspect-ratio\"><div class=\"wp-block-embed__wrapper\">\n<iframe loading=\"lazy\" title=\"R\u00c4TSEPATE N\u00c4ITUS TALLINN FASHION WEEK 2019\" width=\"525\" height=\"295\" src=\"https:\/\/www.youtube.com\/embed\/n4tplaG5bUE?feature=oembed\" frameborder=\"0\" allow=\"accelerometer; autoplay; clipboard-write; encrypted-media; gyroscope; picture-in-picture; web-share\" referrerpolicy=\"strict-origin-when-cross-origin\" allowfullscreen><\/iframe>\n<\/div><\/figure>\n\n\n\n<figure class=\"wp-block-embed-youtube wp-block-embed is-type-video is-provider-youtube wp-embed-aspect-16-9 wp-has-aspect-ratio\"><div class=\"wp-block-embed__wrapper\">\n<iframe loading=\"lazy\" title=\"TTHK 2018 moeshow\" width=\"525\" height=\"295\" src=\"https:\/\/www.youtube.com\/embed\/THP2M1dv8MA?feature=oembed\" frameborder=\"0\" allow=\"accelerometer; autoplay; clipboard-write; encrypted-media; gyroscope; picture-in-picture; web-share\" referrerpolicy=\"strict-origin-when-cross-origin\" allowfullscreen><\/iframe>\n<\/div><\/figure>\n\n\n\n<p><a href=\"https:\/\/www.youtube.com\/watch?v=Pi2W6PjMlpo&amp;list=PL6aug3SNwW8yIFvH3S2DdJs6q831vkLlF&amp;index=8\">Leia oma amet: r\u00e4tsep<\/a><\/p>\n\n\n\n<p class=\"has-text-color has-medium-font-size has-vivid-red-color\">Edasised \u00f5ppimise v\u00f5imalused<\/p>\n\n\n\n<p>J\u00e4tku\u00f5ppena saab 5 taseme \u00f5ppes TTHK-s edasi \u00f5ppida naiste \u00fcler\u00f5ivaste r\u00e4tsepaks.<\/p>\n\n\n\n<p class=\"has-text-color has-medium-font-size has-vivid-red-color\"><\/p>\n","protected":false},"excerpt":{"rendered":"<p>\u00d5ppevorm ja tase Keskhariduse baasil statsionaarne 5 taseme j\u00e4tku\u00f5pe, kestvusega 1 aastat. Eriala iseloomustus Meester\u00e4tsep on r\u00e4tsepat\u00f6\u00f6 eriala j\u00e4tku\u00f5pe meeste toodete alal. Meester\u00e4tsep valmistab l\u00f5ikeid ja \u00f5mbleb s\u00e4rgi, p\u00fcksid, vesti, pintsaku ja mantli. Lisaks \u00f5pib erialast joonistamist, stiili- ja materjali\u00f5petust, karj\u00e4\u00e4riplaneerimist ja ettev\u00f5tlust, klienditeenindust ning valik\u00f5pingute raames erialast vene- ja inglise keelt, jope&nbsp; \u00f5mblemist ja &hellip; <\/p>\n<p class=\"link-more\"><a href=\"https:\/\/avatud.tthk.ee\/?page_id=747\" class=\"more-link\">Loe edasi<span class=\"screen-reader-text\"> &#8220;Meester\u00e4tsep&#8221;<\/span><\/a><\/p>\n","protected":false},"author":3,"featured_media":0,"parent":217,"menu_order":0,"comment_status":"closed","ping_status":"closed","template":"","meta":{"footnotes":""},"class_list":["post-747","page","type-page","status-publish","hentry"],"yoast_head":"<!-- This site is optimized with the Yoast SEO plugin v22.5 - https:\/\/yoast.com\/wordpress\/plugins\/seo\/ -->\n<title>Meester\u00e4tsep -<\/title>\n<meta name=\"robots\" content=\"index, follow, max-snippet:-1, max-image-preview:large, max-video-preview:-1\" \/>\n<link rel=\"canonical\" href=\"https:\/\/avatud.tthk.ee\/?page_id=747\" \/>\n<meta property=\"og:locale\" content=\"et_EE\" \/>\n<meta property=\"og:type\" content=\"article\" \/>\n<meta property=\"og:title\" content=\"Meester\u00e4tsep -\" \/>\n<meta property=\"og:description\" content=\"\u00d5ppevorm ja tase Keskhariduse baasil statsionaarne 5 taseme j\u00e4tku\u00f5pe, kestvusega 1 aastat. Eriala iseloomustus Meester\u00e4tsep on r\u00e4tsepat\u00f6\u00f6 eriala j\u00e4tku\u00f5pe meeste toodete alal. Meester\u00e4tsep valmistab l\u00f5ikeid ja \u00f5mbleb s\u00e4rgi, p\u00fcksid, vesti, pintsaku ja mantli. Lisaks \u00f5pib erialast joonistamist, stiili- ja materjali\u00f5petust, karj\u00e4\u00e4riplaneerimist ja ettev\u00f5tlust, klienditeenindust ning valik\u00f5pingute raames erialast vene- ja inglise keelt, jope&nbsp; \u00f5mblemist ja &hellip; Loe edasi &quot;Meester\u00e4tsep&quot;\" \/>\n<meta property=\"og:url\" content=\"https:\/\/avatud.tthk.ee\/?page_id=747\" \/>\n<meta property=\"article:modified_time\" content=\"2020-05-13T23:17:49+00:00\" \/>\n<meta name=\"twitter:card\" content=\"summary_large_image\" \/>\n<meta name=\"twitter:label1\" content=\"Est. reading time\" \/>\n\t<meta name=\"twitter:data1\" content=\"2 minutit\" \/>\n<script type=\"application\/ld+json\" class=\"yoast-schema-graph\">{\"@context\":\"https:\/\/schema.org\",\"@graph\":[{\"@type\":\"WebPage\",\"@id\":\"https:\/\/avatud.tthk.ee\/?page_id=747\",\"url\":\"https:\/\/avatud.tthk.ee\/?page_id=747\",\"name\":\"Meester\u00e4tsep -\",\"isPartOf\":{\"@id\":\"https:\/\/avatud.tthk.ee\/#website\"},\"datePublished\":\"2020-05-03T23:41:14+00:00\",\"dateModified\":\"2020-05-13T23:17:49+00:00\",\"breadcrumb\":{\"@id\":\"https:\/\/avatud.tthk.ee\/?page_id=747#breadcrumb\"},\"inLanguage\":\"et\",\"potentialAction\":[{\"@type\":\"ReadAction\",\"target\":[\"https:\/\/avatud.tthk.ee\/?page_id=747\"]}]},{\"@type\":\"BreadcrumbList\",\"@id\":\"https:\/\/avatud.tthk.ee\/?page_id=747#breadcrumb\",\"itemListElement\":[{\"@type\":\"ListItem\",\"position\":1,\"name\":\"Home\",\"item\":\"https:\/\/avatud.tthk.ee\/\"},{\"@type\":\"ListItem\",\"position\":2,\"name\":\"Erialad\",\"item\":\"https:\/\/avatud.tthk.ee\/?page_id=86\"},{\"@type\":\"ListItem\",\"position\":3,\"name\":\"Keskkooli baasil\",\"item\":\"https:\/\/avatud.tthk.ee\/?page_id=99\"},{\"@type\":\"ListItem\",\"position\":4,\"name\":\"Tekstiili- ja naha t\u00f6\u00f6tlus\",\"item\":\"https:\/\/avatud.tthk.ee\/?page_id=217\"},{\"@type\":\"ListItem\",\"position\":5,\"name\":\"Meester\u00e4tsep\"}]},{\"@type\":\"WebSite\",\"@id\":\"https:\/\/avatud.tthk.ee\/#website\",\"url\":\"https:\/\/avatud.tthk.ee\/\",\"name\":\"\",\"description\":\"\",\"potentialAction\":[{\"@type\":\"SearchAction\",\"target\":{\"@type\":\"EntryPoint\",\"urlTemplate\":\"https:\/\/avatud.tthk.ee\/?s={search_term_string}\"},\"query-input\":\"required name=search_term_string\"}],\"inLanguage\":\"et\"}]}<\/script>\n<!-- \/ Yoast SEO plugin. -->","yoast_head_json":{"title":"Meester\u00e4tsep -","robots":{"index":"index","follow":"follow","max-snippet":"max-snippet:-1","max-image-preview":"max-image-preview:large","max-video-preview":"max-video-preview:-1"},"canonical":"https:\/\/avatud.tthk.ee\/?page_id=747","og_locale":"et_EE","og_type":"article","og_title":"Meester\u00e4tsep -","og_description":"\u00d5ppevorm ja tase Keskhariduse baasil statsionaarne 5 taseme j\u00e4tku\u00f5pe, kestvusega 1 aastat. Eriala iseloomustus Meester\u00e4tsep on r\u00e4tsepat\u00f6\u00f6 eriala j\u00e4tku\u00f5pe meeste toodete alal. Meester\u00e4tsep valmistab l\u00f5ikeid ja \u00f5mbleb s\u00e4rgi, p\u00fcksid, vesti, pintsaku ja mantli. Lisaks \u00f5pib erialast joonistamist, stiili- ja materjali\u00f5petust, karj\u00e4\u00e4riplaneerimist ja ettev\u00f5tlust, klienditeenindust ning valik\u00f5pingute raames erialast vene- ja inglise keelt, jope&nbsp; \u00f5mblemist ja &hellip; Loe edasi \"Meester\u00e4tsep\"","og_url":"https:\/\/avatud.tthk.ee\/?page_id=747","article_modified_time":"2020-05-13T23:17:49+00:00","twitter_card":"summary_large_image","twitter_misc":{"Est. reading time":"2 minutit"},"schema":{"@context":"https:\/\/schema.org","@graph":[{"@type":"WebPage","@id":"https:\/\/avatud.tthk.ee\/?page_id=747","url":"https:\/\/avatud.tthk.ee\/?page_id=747","name":"Meester\u00e4tsep -","isPartOf":{"@id":"https:\/\/avatud.tthk.ee\/#website"},"datePublished":"2020-05-03T23:41:14+00:00","dateModified":"2020-05-13T23:17:49+00:00","breadcrumb":{"@id":"https:\/\/avatud.tthk.ee\/?page_id=747#breadcrumb"},"inLanguage":"et","potentialAction":[{"@type":"ReadAction","target":["https:\/\/avatud.tthk.ee\/?page_id=747"]}]},{"@type":"BreadcrumbList","@id":"https:\/\/avatud.tthk.ee\/?page_id=747#breadcrumb","itemListElement":[{"@type":"ListItem","position":1,"name":"Home","item":"https:\/\/avatud.tthk.ee\/"},{"@type":"ListItem","position":2,"name":"Erialad","item":"https:\/\/avatud.tthk.ee\/?page_id=86"},{"@type":"ListItem","position":3,"name":"Keskkooli baasil","item":"https:\/\/avatud.tthk.ee\/?page_id=99"},{"@type":"ListItem","position":4,"name":"Tekstiili- ja naha t\u00f6\u00f6tlus","item":"https:\/\/avatud.tthk.ee\/?page_id=217"},{"@type":"ListItem","position":5,"name":"Meester\u00e4tsep"}]},{"@type":"WebSite","@id":"https:\/\/avatud.tthk.ee\/#website","url":"https:\/\/avatud.tthk.ee\/","name":"","description":"","potentialAction":[{"@type":"SearchAction","target":{"@type":"EntryPoint","urlTemplate":"https:\/\/avatud.tthk.ee\/?s={search_term_string}"},"query-input":"required name=search_term_string"}],"inLanguage":"et"}]}},"jetpack_sharing_enabled":true,"_links":{"self":[{"href":"https:\/\/avatud.tthk.ee\/index.php?rest_route=\/wp\/v2\/pages\/747","targetHints":{"allow":["GET"]}}],"collection":[{"href":"https:\/\/avatud.tthk.ee\/index.php?rest_route=\/wp\/v2\/pages"}],"about":[{"href":"https:\/\/avatud.tthk.ee\/index.php?rest_route=\/wp\/v2\/types\/page"}],"author":[{"embeddable":true,"href":"https:\/\/avatud.tthk.ee\/index.php?rest_route=\/wp\/v2\/users\/3"}],"replies":[{"embeddable":true,"href":"https:\/\/avatud.tthk.ee\/index.php?rest_route=%2Fwp%2Fv2%2Fcomments&post=747"}],"version-history":[{"count":5,"href":"https:\/\/avatud.tthk.ee\/index.php?rest_route=\/wp\/v2\/pages\/747\/revisions"}],"predecessor-version":[{"id":1017,"href":"https:\/\/avatud.tthk.ee\/index.php?rest_route=\/wp\/v2\/pages\/747\/revisions\/1017"}],"up":[{"embeddable":true,"href":"https:\/\/avatud.tthk.ee\/index.php?rest_route=\/wp\/v2\/pages\/217"}],"wp:attachment":[{"href":"https:\/\/avatud.tthk.ee\/index.php?rest_route=%2Fwp%2Fv2%2Fmedia&parent=747"}],"curies":[{"name":"wp","href":"https:\/\/api.w.org\/{rel}","templated":true}]}}