{"id":653,"date":"2020-05-01T07:50:36","date_gmt":"2020-05-01T07:50:36","guid":{"rendered":"https:\/\/avatud.tthk.ee\/?page_id=653"},"modified":"2020-05-01T07:51:16","modified_gmt":"2020-05-01T07:51:16","slug":"logistik","status":"publish","type":"page","link":"https:\/\/avatud.tthk.ee\/?page_id=653","title":{"rendered":"Logistik"},"content":{"rendered":"\n<p class=\"has-text-color has-medium-font-size has-vivid-red-color\">\u00d5ppevorm ja tase<\/p>\n\n\n\n<p>Keskhariduse baasil mittestatsionaarne 4 taseme j\u00e4tku\u00f5pe, kestvusega 1 aastat.<\/p>\n\n\n\n<p class=\"has-text-color has-medium-font-size has-vivid-red-color\">Eriala iseloomustus<\/p>\n\n\n\n<p>Logistik korraldab ja juhib ettev\u00f5tte veondust ja ladustamist ning laoteenuste m\u00fc\u00fcki, tegeleb hangete ja ostudega, kavandab tootmist ja haldab tarneahelaid. <\/p>\n\n\n\n<p>Logistik peab tagama, et \u00f5ige asi oleks \u00f5igel ajal \u00f5iges kohas \u00f5iges koguses, \u00f5ige hinna ja kvaliteediga. <\/p>\n\n\n\n<p>&nbsp;Logistik planeerib ja korraldab klientide tellimustele vastavalt sise- ja rahvusvahelisi kaubavedusid ning teeb ostu ja varude t\u00e4iendamisega seotud toiminguid. &nbsp;Ta t\u00f6\u00f6tab meeskonnas ja on valmis kandma juhirolli, vastutama t\u00f6\u00f6tajate t\u00f6\u00f6tulemuste eest ning lahendama operatiivselt t\u00f6\u00f6probleeme. &nbsp;<\/p>\n\n\n\n<p>\u00d5ppetegevus on praktiline, mille tarbeks on olemas \u00f5ppeladu, mis on varustatud vajalike seadmete, masinate ja laoprogrammiga: laoriiulite, kaubaaluste, automaatse H\u00c4NEL LIFT-KAPIGA, mis on ainult meie koolis, masinate \u2013 t\u00f5stukite ja laoprogrammiga DIRECTO.<\/p>\n\n\n\n<p>K\u00f5ik \u00f5pilased, kes on l\u00e4binud t\u00f5stukite juhtimise mooduli, saavad t\u00f5stukijuhiloa.<\/p>\n\n\n\n<p>Praktika partnerid:<\/p>\n\n\n\n<ul class=\"wp-block-list\"><li>SMARTEN LOGISTICS AS<\/li><li>AS ONNINEN<\/li><li>MAXIMA LOGISTIKAKESKUS<\/li><li>VIA3L O\u00dc<\/li><li>MAGNUM LOGISTICS O\u00dc<\/li><li>OMNIVA \u2013 AS EESTI POST<\/li><li>ELP LOGISTICS O\u00dc<\/li><\/ul>\n\n\n\n<p class=\"has-text-color has-medium-font-size has-vivid-red-color\">T\u00f6\u00f6alased v\u00f5imalused<\/p>\n\n\n\n<p>Logistikud t\u00f6\u00f6tavad logistikateenuseid pakkuvates firmades, tootmis- ja kaubandusettev\u00f5tetes<\/p>\n\n\n\n<p>Logistiku abi t\u00f6\u00f6 on vaheldusrikas, kiiresti muutuv ja arenev ning v\u00e4ljakutseid pakkuv.<\/p>\n\n\n\n<p>T\u00f6\u00f6 eeldab suhtlust koost\u00f6\u00f6partnerite, kaast\u00f6\u00f6tajate ning mitmete ametkondade esindajatega ning pidevat eneset\u00e4iendamist.<\/p>\n\n\n\n<p>Kuna logistiku abi t\u00f6\u00f6 t\u00e4hendab palju korraldamist, jooksvate probleemide lahendamist ning olukorra anal\u00fc\u00fcsi, on see t\u00f6\u00f6 suhteliselt aktiivne ja liikuv ning toimub pidevalt muutuvas olukorras, sisaldades samas rutiinset tegevust. Lisaks kontorit\u00f6\u00f6le (valdavalt arvutit\u00f6\u00f6 erinevate tarkvarade, dokumentide ja andmestikega) tuleb suhelda klientide ja hankijatega, liikuda ringi seoses asjaajamisega ning lahendada probleeme. Sageli on nendeks piiri-\u00fcletamisega seotud probleemid, tegemata j\u00e4etud laevabroneering v\u00f5i n\u00e4iteks p\u00fchade\u00ac ajal transpordile iseloomulikud viivitused.<\/p>\n\n\n\n<p>Peab arvestama, et tulenevalt t\u00f6\u00f6 iseloomust ei pruugi t\u00f6\u00f6aeg olla klassikaline kella 8\u201317, vaid s\u00f5ltub konkreetse ettev\u00f5tte t\u00f6\u00f6korraldusest ning v\u00f5ib n\u00f5uda t\u00f6\u00f6tamist vahetustega, puhkep\u00e4evadel ja p\u00fchade ajal, p\u00e4eval v\u00f5i \u00f6\u00f6sel. T\u00f6\u00f6 olemuse t\u00f5ttu peab&nbsp; olema k\u00e4ttesaadav ka v\u00e4ljaspool t\u00f6\u00f6p\u00e4eva ning olema valmis vajaduse korral kohale tulemavitused (j\u00f5ulud, aastavahetus, riigip\u00fchad).<br><br>Logistiku t\u00f6\u00f6vahenditeks on arvuti, spetsiaalne tarkvara (varude juhtimise programmid, materjalide juhtimise programmid, laoprogrammid, veokorraldusprogrammid) ning tele-kommunikatsiooni\u00acvahendid.<br>Olenevalt sellest, kas teenuse ostja on tootmisettev\u00f5te, hulgim\u00fc\u00fcja, jaem\u00fc\u00fcja, teenusepakkuja, organisatsioon v\u00f5i riigiasutus, on ka ettev\u00f5tte klientuur v\u00e4ga erinev.<\/p>\n\n\n\n<p class=\"has-text-color has-medium-font-size has-vivid-red-color\">Vastuv\u00f5tu tingimused<\/p>\n\n\n\n<p>Vastuv\u00f5tt toimub keskkooli tunnistuse ja hinnetelehel olevate hinnete keskmise j\u00e4rgi koostatud pingerea alusel.&nbsp;K\u00f5igi soovijatega viiakse l\u00e4bi vestlus 11.08.2020 kell 10:00. Kontakt leeni.rajaste@tthk.ee.<\/p>\n\n\n\n<p>V\u00f5tame vastu eesti ja vene keelseid \u00f5ppijaid.<\/p>\n\n\n\n<p class=\"has-text-color has-medium-font-size has-vivid-red-color\">Tuleb kasuks<\/p>\n\n\n\n<ul class=\"wp-block-list\"><li>hea arvuti kasutamise oskus;<\/li><li>info- ja kommunikatsioonitehnoloogia tundmine.<\/li><li>loogilist m\u00f5tlemist;<\/li><li>head visuaalset m\u00e4lu;<\/li><li>hoolikust ja t\u00e4psust.<\/li><\/ul>\n\n\n\n<p class=\"has-text-color has-medium-font-size has-vivid-red-color\"><a href=\"https:\/\/avatud.tthk.ee\/wp-content\/uploads\/2020\/04\/Logistik-5.-taseme-j\u00e4tku\u00f5ppe-\u00f5ppekava-maht-90EKAP.pdf\">\u00d5ppekava<\/a><\/p>\n\n\n\n<p class=\"has-text-color has-medium-font-size has-vivid-red-color\">Artiklid erialast<\/p>\n\n\n\n<p><a href=\"https:\/\/www.ch.ee\/index76e1.html?lang=est&amp;main_id=43\">Logistika maailm on p\u00f6\u00f6rdelises arengus<\/a><\/p>\n\n\n\n<p><a href=\"https:\/\/www.logistikauudised.ee\/uudised\/2019\/11\/29\/aasta-logistikateo-tiitli-voitis-operail\">Aasta Logistikateo 2019&nbsp; tiitli v\u00f5itis Operail<\/a><\/p>\n\n\n\n<p><a href=\"https:\/\/www.logistikauudised.ee\/uudised\/2018\/11\/29\/aasta-logistikategu-on-omniva-uus-logistikakeskus\">Aasta Logistikategu 2018 on Omniva uus<\/a><\/p>\n\n\n\n<p><a href=\"https:\/\/www.logistikauudised.ee\/uudised\/2010\/06\/03\/ettevotte-tohusus-peitub-tootajate-tarkuses\">Ettev\u00f5tte t\u00f5husus peitub t\u00f6\u00f6tajate tarkuses<\/a><\/p>\n","protected":false},"excerpt":{"rendered":"<p>\u00d5ppevorm ja tase Keskhariduse baasil mittestatsionaarne 4 taseme j\u00e4tku\u00f5pe, kestvusega 1 aastat. Eriala iseloomustus Logistik korraldab ja juhib ettev\u00f5tte veondust ja ladustamist ning laoteenuste m\u00fc\u00fcki, tegeleb hangete ja ostudega, kavandab tootmist ja haldab tarneahelaid. Logistik peab tagama, et \u00f5ige asi oleks \u00f5igel ajal \u00f5iges kohas \u00f5iges koguses, \u00f5ige hinna ja kvaliteediga. &nbsp;Logistik planeerib ja korraldab &hellip; <\/p>\n<p class=\"link-more\"><a href=\"https:\/\/avatud.tthk.ee\/?page_id=653\" class=\"more-link\">Loe edasi<span class=\"screen-reader-text\"> &#8220;Logistik&#8221;<\/span><\/a><\/p>\n","protected":false},"author":3,"featured_media":0,"parent":686,"menu_order":0,"comment_status":"closed","ping_status":"closed","template":"","meta":{"footnotes":""},"class_list":["post-653","page","type-page","status-publish","hentry"],"yoast_head":"<!-- This site is optimized with the Yoast SEO plugin v22.5 - https:\/\/yoast.com\/wordpress\/plugins\/seo\/ -->\n<title>Logistik -<\/title>\n<meta name=\"robots\" content=\"index, follow, max-snippet:-1, max-image-preview:large, max-video-preview:-1\" \/>\n<link rel=\"canonical\" href=\"https:\/\/avatud.tthk.ee\/?page_id=653\" \/>\n<meta property=\"og:locale\" content=\"et_EE\" \/>\n<meta property=\"og:type\" content=\"article\" \/>\n<meta property=\"og:title\" content=\"Logistik -\" \/>\n<meta property=\"og:description\" content=\"\u00d5ppevorm ja tase Keskhariduse baasil mittestatsionaarne 4 taseme j\u00e4tku\u00f5pe, kestvusega 1 aastat. Eriala iseloomustus Logistik korraldab ja juhib ettev\u00f5tte veondust ja ladustamist ning laoteenuste m\u00fc\u00fcki, tegeleb hangete ja ostudega, kavandab tootmist ja haldab tarneahelaid. Logistik peab tagama, et \u00f5ige asi oleks \u00f5igel ajal \u00f5iges kohas \u00f5iges koguses, \u00f5ige hinna ja kvaliteediga. &nbsp;Logistik planeerib ja korraldab &hellip; Loe edasi &quot;Logistik&quot;\" \/>\n<meta property=\"og:url\" content=\"https:\/\/avatud.tthk.ee\/?page_id=653\" \/>\n<meta property=\"article:modified_time\" content=\"2020-05-01T07:51:16+00:00\" \/>\n<meta name=\"twitter:card\" content=\"summary_large_image\" \/>\n<meta name=\"twitter:label1\" content=\"Est. reading time\" \/>\n\t<meta name=\"twitter:data1\" content=\"2 minutit\" \/>\n<script type=\"application\/ld+json\" class=\"yoast-schema-graph\">{\"@context\":\"https:\/\/schema.org\",\"@graph\":[{\"@type\":\"WebPage\",\"@id\":\"https:\/\/avatud.tthk.ee\/?page_id=653\",\"url\":\"https:\/\/avatud.tthk.ee\/?page_id=653\",\"name\":\"Logistik -\",\"isPartOf\":{\"@id\":\"https:\/\/avatud.tthk.ee\/#website\"},\"datePublished\":\"2020-05-01T07:50:36+00:00\",\"dateModified\":\"2020-05-01T07:51:16+00:00\",\"breadcrumb\":{\"@id\":\"https:\/\/avatud.tthk.ee\/?page_id=653#breadcrumb\"},\"inLanguage\":\"et\",\"potentialAction\":[{\"@type\":\"ReadAction\",\"target\":[\"https:\/\/avatud.tthk.ee\/?page_id=653\"]}]},{\"@type\":\"BreadcrumbList\",\"@id\":\"https:\/\/avatud.tthk.ee\/?page_id=653#breadcrumb\",\"itemListElement\":[{\"@type\":\"ListItem\",\"position\":1,\"name\":\"Home\",\"item\":\"https:\/\/avatud.tthk.ee\/\"},{\"@type\":\"ListItem\",\"position\":2,\"name\":\"Erialad\",\"item\":\"https:\/\/avatud.tthk.ee\/?page_id=86\"},{\"@type\":\"ListItem\",\"position\":3,\"name\":\"Keskkooli baasil\",\"item\":\"https:\/\/avatud.tthk.ee\/?page_id=99\"},{\"@type\":\"ListItem\",\"position\":4,\"name\":\"Logistika\",\"item\":\"https:\/\/avatud.tthk.ee\/?page_id=686\"},{\"@type\":\"ListItem\",\"position\":5,\"name\":\"Logistik\"}]},{\"@type\":\"WebSite\",\"@id\":\"https:\/\/avatud.tthk.ee\/#website\",\"url\":\"https:\/\/avatud.tthk.ee\/\",\"name\":\"\",\"description\":\"\",\"potentialAction\":[{\"@type\":\"SearchAction\",\"target\":{\"@type\":\"EntryPoint\",\"urlTemplate\":\"https:\/\/avatud.tthk.ee\/?s={search_term_string}\"},\"query-input\":\"required name=search_term_string\"}],\"inLanguage\":\"et\"}]}<\/script>\n<!-- \/ Yoast SEO plugin. -->","yoast_head_json":{"title":"Logistik -","robots":{"index":"index","follow":"follow","max-snippet":"max-snippet:-1","max-image-preview":"max-image-preview:large","max-video-preview":"max-video-preview:-1"},"canonical":"https:\/\/avatud.tthk.ee\/?page_id=653","og_locale":"et_EE","og_type":"article","og_title":"Logistik -","og_description":"\u00d5ppevorm ja tase Keskhariduse baasil mittestatsionaarne 4 taseme j\u00e4tku\u00f5pe, kestvusega 1 aastat. Eriala iseloomustus Logistik korraldab ja juhib ettev\u00f5tte veondust ja ladustamist ning laoteenuste m\u00fc\u00fcki, tegeleb hangete ja ostudega, kavandab tootmist ja haldab tarneahelaid. Logistik peab tagama, et \u00f5ige asi oleks \u00f5igel ajal \u00f5iges kohas \u00f5iges koguses, \u00f5ige hinna ja kvaliteediga. &nbsp;Logistik planeerib ja korraldab &hellip; Loe edasi \"Logistik\"","og_url":"https:\/\/avatud.tthk.ee\/?page_id=653","article_modified_time":"2020-05-01T07:51:16+00:00","twitter_card":"summary_large_image","twitter_misc":{"Est. reading time":"2 minutit"},"schema":{"@context":"https:\/\/schema.org","@graph":[{"@type":"WebPage","@id":"https:\/\/avatud.tthk.ee\/?page_id=653","url":"https:\/\/avatud.tthk.ee\/?page_id=653","name":"Logistik -","isPartOf":{"@id":"https:\/\/avatud.tthk.ee\/#website"},"datePublished":"2020-05-01T07:50:36+00:00","dateModified":"2020-05-01T07:51:16+00:00","breadcrumb":{"@id":"https:\/\/avatud.tthk.ee\/?page_id=653#breadcrumb"},"inLanguage":"et","potentialAction":[{"@type":"ReadAction","target":["https:\/\/avatud.tthk.ee\/?page_id=653"]}]},{"@type":"BreadcrumbList","@id":"https:\/\/avatud.tthk.ee\/?page_id=653#breadcrumb","itemListElement":[{"@type":"ListItem","position":1,"name":"Home","item":"https:\/\/avatud.tthk.ee\/"},{"@type":"ListItem","position":2,"name":"Erialad","item":"https:\/\/avatud.tthk.ee\/?page_id=86"},{"@type":"ListItem","position":3,"name":"Keskkooli baasil","item":"https:\/\/avatud.tthk.ee\/?page_id=99"},{"@type":"ListItem","position":4,"name":"Logistika","item":"https:\/\/avatud.tthk.ee\/?page_id=686"},{"@type":"ListItem","position":5,"name":"Logistik"}]},{"@type":"WebSite","@id":"https:\/\/avatud.tthk.ee\/#website","url":"https:\/\/avatud.tthk.ee\/","name":"","description":"","potentialAction":[{"@type":"SearchAction","target":{"@type":"EntryPoint","urlTemplate":"https:\/\/avatud.tthk.ee\/?s={search_term_string}"},"query-input":"required name=search_term_string"}],"inLanguage":"et"}]}},"jetpack_sharing_enabled":true,"_links":{"self":[{"href":"https:\/\/avatud.tthk.ee\/index.php?rest_route=\/wp\/v2\/pages\/653","targetHints":{"allow":["GET"]}}],"collection":[{"href":"https:\/\/avatud.tthk.ee\/index.php?rest_route=\/wp\/v2\/pages"}],"about":[{"href":"https:\/\/avatud.tthk.ee\/index.php?rest_route=\/wp\/v2\/types\/page"}],"author":[{"embeddable":true,"href":"https:\/\/avatud.tthk.ee\/index.php?rest_route=\/wp\/v2\/users\/3"}],"replies":[{"embeddable":true,"href":"https:\/\/avatud.tthk.ee\/index.php?rest_route=%2Fwp%2Fv2%2Fcomments&post=653"}],"version-history":[{"count":2,"href":"https:\/\/avatud.tthk.ee\/index.php?rest_route=\/wp\/v2\/pages\/653\/revisions"}],"predecessor-version":[{"id":689,"href":"https:\/\/avatud.tthk.ee\/index.php?rest_route=\/wp\/v2\/pages\/653\/revisions\/689"}],"up":[{"embeddable":true,"href":"https:\/\/avatud.tthk.ee\/index.php?rest_route=\/wp\/v2\/pages\/686"}],"wp:attachment":[{"href":"https:\/\/avatud.tthk.ee\/index.php?rest_route=%2Fwp%2Fv2%2Fmedia&parent=653"}],"curies":[{"name":"wp","href":"https:\/\/api.w.org\/{rel}","templated":true}]}}