{"id":557,"date":"2020-04-28T21:38:33","date_gmt":"2020-04-28T21:38:33","guid":{"rendered":"https:\/\/avatud.tthk.ee\/?page_id=557"},"modified":"2020-05-07T22:06:24","modified_gmt":"2020-05-07T22:06:24","slug":"noorem-tarkvaraarendaja","status":"publish","type":"page","link":"https:\/\/avatud.tthk.ee\/?page_id=557","title":{"rendered":"Noorem tarkvaraarendaja"},"content":{"rendered":"\n<p class=\"has-text-color has-medium-font-size has-vivid-red-color\">\u00d5ppevorm ja tase<\/p>\n\n\n\n<p>Keskhariduse baasil mittestatsionaarne ( 2 x n\u00e4dalas &#8211; N,R) 4 taseme esma\u00f5pe, kestvusega 2 aastat.<\/p>\n\n\n\n<p class=\"has-text-color has-medium-font-size has-vivid-red-color\">Eriala iseloomustus<\/p>\n\n\n\n<p>Noorem tarkvaraarendaja p\u00f5hitegevuseks on uute tarkvarade ja veebilahenduste loomine, testimine ning dokumenteerimine. Ta tegeleb tarkvara anal\u00fc\u00fcsi, disaini, programmeerimise, testimise ja juurutamisega.<\/p>\n\n\n\n<p><strong>Tarkvara anal\u00fc\u00fcsi<\/strong> etapis m\u00e4\u00e4ratakse kindlaks, kuidas loodav tarkvara tellija t\u00f6\u00f6protsessis t\u00f6\u00f6tama peab, milliseid andmeid tarbib ja v\u00e4ljastab, kuidas on konkreetne tarkvara seotud muude tarkvaras\u00fcsteemidega ning milliseid piiranguid tuleb tarkvaralahenduses silmas pidada. Hea disain tagab, et tarkvara luuakse usaldusv\u00e4\u00e4rsena, seda on h\u00f5lbus muuta ja t\u00e4iendada, selle l\u00e4htekood on selge ja h\u00f5lpsasti loetav ning selle osi saab taaskasutada. Siin on t\u00e4htis kliendi aktiivne kaasamine arendusse, sest vaid kliendi vajaduste v\u00e4ga t\u00e4pne m\u00f5istmine ja IT-v\u00f5imaluste maksimaalne \u00e4rakasutamine tagab kvaliteetse tulemuse. Seet\u00f5ttu eeldab t\u00f6\u00f6 v\u00f5imet m\u00f5ista klientide soove ja vajadusi ning oskust neid teistele IT-tiimi kuuluvatele spetsialistidele selgitada. Tarkvara anal\u00fc\u00fcs ja kavandamine eeldab IT-arenduste n\u00e4gemist tervikuna.<\/p>\n\n\n\n<p><strong>Programmeerimine<\/strong> on tarkvaraarenduse osa, kus anal\u00fc\u00fcsi alusel luuakse tarkvara ehk kirjutatakse tarkvara l\u00e4htekood ehk programm. Programmeerimine eeldab oskust realiseerida planeeritud tarkvara eri programmeerimiskeeltes.<\/p>\n\n\n\n<p><strong>Tarkvara testimisega<\/strong> kontrollivad tarkvaraarendajad lahenduse t\u00f6\u00f6kindlust, j\u00f5udlust ja eesm\u00e4rgip\u00e4rasust ning tagavad ka seadmete ja lahenduste kvaliteedi, leides neist v\u00f5imalikult varajases projekti staadiumis \u00fcles k\u00f5ik vead v\u00f5i ebakohad. Juurutamisega v\u00f5ib tegeleda spetsiaalne inimene (nt s\u00fcsteemihaldur), kuid iga tarkvaraarenduse spetsialist peaks tundma serveritarkavara m\u00e4\u00e4ral, mis v\u00f5imaldaks lihtsamate seadistustega iseseisvalt toime tulla. Sageli h\u00f5lmab juurutamine ka kasutajate koolitamist tarkvaraga t\u00f6\u00f6tamiseks.<\/p>\n\n\n\n<p class=\"has-text-color has-medium-font-size has-vivid-red-color\">T\u00f6\u00f6alased v\u00f5imalused<\/p>\n\n\n\n<p>Ametinimetusena on kasutusel ka programmeerija, aplikatsioonide arendaja, &nbsp;infos\u00fcsteemide\/rakenduste front-end arendaja, infos\u00fcsteemide\/rakenduste back-end arendaja.<\/p>\n\n\n\n<p>Oma olemuselt on Info- ja telekommunikatsiooni (IKT) t\u00f6\u00f6stusharu tihedalt seotud teiste valdkondadega, mis t\u00e4hendab, et spetsialistil <strong>on v\u00f5imalik saada hea t\u00f6\u00f6koht \u00fcksk\u00f5ik millises t\u00f6\u00f6stusharus alates IKT ettev\u00f5tetest kuni muusika-, toiduaine- v\u00f5i n\u00e4iteks puidut\u00f6\u00f6stuseni.<\/strong> Paljud spetsialistid pakuvad oma teenuseid vabakutselisena omaenda ettev\u00f5tte alt.<strong><\/strong><\/p>\n\n\n\n<p>Eesti t\u00f6\u00f6turul kasvab vajadus tarkvaraarendajate ja IKT-spetsialistide j\u00e4rele, kes suudavad teha koost\u00f6\u00f6d rahvusvahelistes meeskondades ning on omandanud valdkonnast laiap\u00f5hjalised teadmised ja oskused. Tarkvaraarendusmeeskonnas v\u00f5ivad olla eraldi tarkavara anal\u00fc\u00fcsi ja disainiga (nt tarkvaraplaneerija, tarkvaraarhitekt, anal\u00fc\u00fctik) ning programmeerimisega tegelevad spetsialistid, kuid \u00fcha enam liigutakse suunas, kus iga meeskonna liige peab oskuste piires olema valmis katma k\u00f5iki vajaminevaid rolle (anal\u00fc\u00fctik, disainer ja arhitekt, programmeerija, testija, projektijuht jne).<\/p>\n\n\n\n<p>Tarkvaraarendajad peavad olema valmis pikaajalisemaks protsessiks, kus l\u00f5pptootena valmiv tarkvara juurutatakse korraga, aga ka l\u00fchikeste kiirete ts\u00fcklitena toimuvaks arenduseks, kus loodava tarkvara osi pidevalt testitakse ning kliendile tutvustatakse. Kliendi soovidele parima tulemuse pakkumiseks on tarkvaraarendajate t\u00f6\u00f6s t\u00e4htis koost\u00f6\u00f6 ning pidev suhtlus meeskonnaliikmete ja klientidega.<\/p>\n\n\n\n<p>T\u00f6\u00f6 eeldab pidevat kutsealast eneset\u00e4iendamist.<\/p>\n\n\n\n<p class=\"has-text-color has-medium-font-size has-vivid-red-color\">Vastuv\u00f5tu tingimused<\/p>\n\n\n\n<p>Vastuv\u00f5tt toimub keskkooli tunnistuse ja hinnetelehel olevate hinnete keskmise j\u00e4rgi koostatud pingerea alusel.&nbsp;K\u00f5igi soovijatega viiakse l\u00e4bi vestlus 11.08.2020 kell 10:00. Kontakt mart.ronk@tthk.ee.<\/p>\n\n\n\n<p>V\u00f5tame vastu eesti ja vene keelseid \u00f5ppijaid. <\/p>\n\n\n\n<p class=\"has-text-color has-medium-font-size has-vivid-red-color\">Tuleb kasuks<\/p>\n\n\n\n<ul class=\"wp-block-list\"><li>anal\u00fc\u00fctiline, loogiline ja loov tehniline m\u00f5tlemine;<\/li><li>teadmised&nbsp;matemaatikast, f\u00fc\u00fcsikast;<\/li><li>meeskonnat\u00f6\u00f6 oskus;<\/li><li>keskendumis- ja kohanemisv\u00f5ime;<\/li><li>orienteeritus tulemustele;<\/li><li>vastutus, korrektsus, t\u00e4psus, enesedistsipliin, stressitaluvus;<\/li><li>huvi IT tehniliste probleemide lahendamise kohta;<\/li><li>arvutimaailma \u00fcldpildi ja arengu tendentside tundmine<\/li><li>inglise keele oskus.<\/li><\/ul>\n\n\n\n<p class=\"has-text-color has-medium-font-size has-vivid-red-color\"><a href=\"https:\/\/avatud.tthk.ee\/wp-content\/uploads\/2020\/05\/Noorem-tarkvaraarendaja-\u00f5ppekava-120EKAP.pdf\">\u00d5ppekava<\/a><\/p>\n\n\n\n<p class=\"has-text-color has-medium-font-size has-vivid-red-color\"><a href=\"https:\/\/avatud.tthk.ee\/?page_id=308\">Galerii <\/a><\/p>\n\n\n\n<p class=\"has-text-color has-medium-font-size has-vivid-red-color\">Artikleid erialast<\/p>\n\n\n\n<p><a href=\"https:\/\/www.ituudised.ee\/uudised\/2020\/04\/16\/neljakohalise-eelarvega-valminud-eesti-arvutimang-uletas-300-000-mangija-piiri\">Neljakohalise eelarvega valminud Eesti arvutim\u00e4ng \u00fcletas 300 000 m\u00e4ngija piiri<\/a><\/p>\n\n\n\n<figure class=\"wp-block-embed-wordpress wp-block-embed is-type-wp-embed is-provider-rahageenius\"><div class=\"wp-block-embed__wrapper\">\nhttps:\/\/raha.geenius.ee\/blogi\/cvkeskus\/avame-kaarte-kui-palju-teenib-eesti-tarkvaraarendaja-ja-kui-noutud-nad-ikkagi-on\/\n<\/div><\/figure>\n","protected":false},"excerpt":{"rendered":"<p>\u00d5ppevorm ja tase Keskhariduse baasil mittestatsionaarne ( 2 x n\u00e4dalas &#8211; N,R) 4 taseme esma\u00f5pe, kestvusega 2 aastat. Eriala iseloomustus Noorem tarkvaraarendaja p\u00f5hitegevuseks on uute tarkvarade ja veebilahenduste loomine, testimine ning dokumenteerimine. Ta tegeleb tarkvara anal\u00fc\u00fcsi, disaini, programmeerimise, testimise ja juurutamisega. Tarkvara anal\u00fc\u00fcsi etapis m\u00e4\u00e4ratakse kindlaks, kuidas loodav tarkvara tellija t\u00f6\u00f6protsessis t\u00f6\u00f6tama peab, milliseid andmeid &hellip; <\/p>\n<p class=\"link-more\"><a href=\"https:\/\/avatud.tthk.ee\/?page_id=557\" class=\"more-link\">Loe edasi<span class=\"screen-reader-text\"> &#8220;Noorem tarkvaraarendaja&#8221;<\/span><\/a><\/p>\n","protected":false},"author":3,"featured_media":0,"parent":211,"menu_order":0,"comment_status":"closed","ping_status":"closed","template":"","meta":{"footnotes":""},"class_list":["post-557","page","type-page","status-publish","hentry"],"yoast_head":"<!-- This site is optimized with the Yoast SEO plugin v22.5 - https:\/\/yoast.com\/wordpress\/plugins\/seo\/ -->\n<title>Noorem tarkvaraarendaja -<\/title>\n<meta name=\"robots\" content=\"index, follow, max-snippet:-1, max-image-preview:large, max-video-preview:-1\" \/>\n<link rel=\"canonical\" href=\"https:\/\/avatud.tthk.ee\/?page_id=557\" \/>\n<meta property=\"og:locale\" content=\"et_EE\" \/>\n<meta property=\"og:type\" content=\"article\" \/>\n<meta property=\"og:title\" content=\"Noorem tarkvaraarendaja -\" \/>\n<meta property=\"og:description\" content=\"\u00d5ppevorm ja tase Keskhariduse baasil mittestatsionaarne ( 2 x n\u00e4dalas &#8211; N,R) 4 taseme esma\u00f5pe, kestvusega 2 aastat. Eriala iseloomustus Noorem tarkvaraarendaja p\u00f5hitegevuseks on uute tarkvarade ja veebilahenduste loomine, testimine ning dokumenteerimine. Ta tegeleb tarkvara anal\u00fc\u00fcsi, disaini, programmeerimise, testimise ja juurutamisega. Tarkvara anal\u00fc\u00fcsi etapis m\u00e4\u00e4ratakse kindlaks, kuidas loodav tarkvara tellija t\u00f6\u00f6protsessis t\u00f6\u00f6tama peab, milliseid andmeid &hellip; Loe edasi &quot;Noorem tarkvaraarendaja&quot;\" \/>\n<meta property=\"og:url\" content=\"https:\/\/avatud.tthk.ee\/?page_id=557\" \/>\n<meta property=\"article:modified_time\" content=\"2020-05-07T22:06:24+00:00\" \/>\n<meta name=\"twitter:card\" content=\"summary_large_image\" \/>\n<meta name=\"twitter:label1\" content=\"Est. reading time\" \/>\n\t<meta name=\"twitter:data1\" content=\"3 minutit\" \/>\n<script type=\"application\/ld+json\" class=\"yoast-schema-graph\">{\"@context\":\"https:\/\/schema.org\",\"@graph\":[{\"@type\":\"WebPage\",\"@id\":\"https:\/\/avatud.tthk.ee\/?page_id=557\",\"url\":\"https:\/\/avatud.tthk.ee\/?page_id=557\",\"name\":\"Noorem tarkvaraarendaja -\",\"isPartOf\":{\"@id\":\"https:\/\/avatud.tthk.ee\/#website\"},\"datePublished\":\"2020-04-28T21:38:33+00:00\",\"dateModified\":\"2020-05-07T22:06:24+00:00\",\"breadcrumb\":{\"@id\":\"https:\/\/avatud.tthk.ee\/?page_id=557#breadcrumb\"},\"inLanguage\":\"et\",\"potentialAction\":[{\"@type\":\"ReadAction\",\"target\":[\"https:\/\/avatud.tthk.ee\/?page_id=557\"]}]},{\"@type\":\"BreadcrumbList\",\"@id\":\"https:\/\/avatud.tthk.ee\/?page_id=557#breadcrumb\",\"itemListElement\":[{\"@type\":\"ListItem\",\"position\":1,\"name\":\"Home\",\"item\":\"https:\/\/avatud.tthk.ee\/\"},{\"@type\":\"ListItem\",\"position\":2,\"name\":\"Erialad\",\"item\":\"https:\/\/avatud.tthk.ee\/?page_id=86\"},{\"@type\":\"ListItem\",\"position\":3,\"name\":\"Keskkooli baasil\",\"item\":\"https:\/\/avatud.tthk.ee\/?page_id=99\"},{\"@type\":\"ListItem\",\"position\":4,\"name\":\"Infotehnoloogia\",\"item\":\"https:\/\/avatud.tthk.ee\/?page_id=211\"},{\"@type\":\"ListItem\",\"position\":5,\"name\":\"Noorem tarkvaraarendaja\"}]},{\"@type\":\"WebSite\",\"@id\":\"https:\/\/avatud.tthk.ee\/#website\",\"url\":\"https:\/\/avatud.tthk.ee\/\",\"name\":\"\",\"description\":\"\",\"potentialAction\":[{\"@type\":\"SearchAction\",\"target\":{\"@type\":\"EntryPoint\",\"urlTemplate\":\"https:\/\/avatud.tthk.ee\/?s={search_term_string}\"},\"query-input\":\"required name=search_term_string\"}],\"inLanguage\":\"et\"}]}<\/script>\n<!-- \/ Yoast SEO plugin. -->","yoast_head_json":{"title":"Noorem tarkvaraarendaja -","robots":{"index":"index","follow":"follow","max-snippet":"max-snippet:-1","max-image-preview":"max-image-preview:large","max-video-preview":"max-video-preview:-1"},"canonical":"https:\/\/avatud.tthk.ee\/?page_id=557","og_locale":"et_EE","og_type":"article","og_title":"Noorem tarkvaraarendaja -","og_description":"\u00d5ppevorm ja tase Keskhariduse baasil mittestatsionaarne ( 2 x n\u00e4dalas &#8211; N,R) 4 taseme esma\u00f5pe, kestvusega 2 aastat. Eriala iseloomustus Noorem tarkvaraarendaja p\u00f5hitegevuseks on uute tarkvarade ja veebilahenduste loomine, testimine ning dokumenteerimine. Ta tegeleb tarkvara anal\u00fc\u00fcsi, disaini, programmeerimise, testimise ja juurutamisega. Tarkvara anal\u00fc\u00fcsi etapis m\u00e4\u00e4ratakse kindlaks, kuidas loodav tarkvara tellija t\u00f6\u00f6protsessis t\u00f6\u00f6tama peab, milliseid andmeid &hellip; Loe edasi \"Noorem tarkvaraarendaja\"","og_url":"https:\/\/avatud.tthk.ee\/?page_id=557","article_modified_time":"2020-05-07T22:06:24+00:00","twitter_card":"summary_large_image","twitter_misc":{"Est. reading time":"3 minutit"},"schema":{"@context":"https:\/\/schema.org","@graph":[{"@type":"WebPage","@id":"https:\/\/avatud.tthk.ee\/?page_id=557","url":"https:\/\/avatud.tthk.ee\/?page_id=557","name":"Noorem tarkvaraarendaja -","isPartOf":{"@id":"https:\/\/avatud.tthk.ee\/#website"},"datePublished":"2020-04-28T21:38:33+00:00","dateModified":"2020-05-07T22:06:24+00:00","breadcrumb":{"@id":"https:\/\/avatud.tthk.ee\/?page_id=557#breadcrumb"},"inLanguage":"et","potentialAction":[{"@type":"ReadAction","target":["https:\/\/avatud.tthk.ee\/?page_id=557"]}]},{"@type":"BreadcrumbList","@id":"https:\/\/avatud.tthk.ee\/?page_id=557#breadcrumb","itemListElement":[{"@type":"ListItem","position":1,"name":"Home","item":"https:\/\/avatud.tthk.ee\/"},{"@type":"ListItem","position":2,"name":"Erialad","item":"https:\/\/avatud.tthk.ee\/?page_id=86"},{"@type":"ListItem","position":3,"name":"Keskkooli baasil","item":"https:\/\/avatud.tthk.ee\/?page_id=99"},{"@type":"ListItem","position":4,"name":"Infotehnoloogia","item":"https:\/\/avatud.tthk.ee\/?page_id=211"},{"@type":"ListItem","position":5,"name":"Noorem tarkvaraarendaja"}]},{"@type":"WebSite","@id":"https:\/\/avatud.tthk.ee\/#website","url":"https:\/\/avatud.tthk.ee\/","name":"","description":"","potentialAction":[{"@type":"SearchAction","target":{"@type":"EntryPoint","urlTemplate":"https:\/\/avatud.tthk.ee\/?s={search_term_string}"},"query-input":"required name=search_term_string"}],"inLanguage":"et"}]}},"jetpack_sharing_enabled":true,"_links":{"self":[{"href":"https:\/\/avatud.tthk.ee\/index.php?rest_route=\/wp\/v2\/pages\/557","targetHints":{"allow":["GET"]}}],"collection":[{"href":"https:\/\/avatud.tthk.ee\/index.php?rest_route=\/wp\/v2\/pages"}],"about":[{"href":"https:\/\/avatud.tthk.ee\/index.php?rest_route=\/wp\/v2\/types\/page"}],"author":[{"embeddable":true,"href":"https:\/\/avatud.tthk.ee\/index.php?rest_route=\/wp\/v2\/users\/3"}],"replies":[{"embeddable":true,"href":"https:\/\/avatud.tthk.ee\/index.php?rest_route=%2Fwp%2Fv2%2Fcomments&post=557"}],"version-history":[{"count":2,"href":"https:\/\/avatud.tthk.ee\/index.php?rest_route=\/wp\/v2\/pages\/557\/revisions"}],"predecessor-version":[{"id":862,"href":"https:\/\/avatud.tthk.ee\/index.php?rest_route=\/wp\/v2\/pages\/557\/revisions\/862"}],"up":[{"embeddable":true,"href":"https:\/\/avatud.tthk.ee\/index.php?rest_route=\/wp\/v2\/pages\/211"}],"wp:attachment":[{"href":"https:\/\/avatud.tthk.ee\/index.php?rest_route=%2Fwp%2Fv2%2Fmedia&parent=557"}],"curies":[{"name":"wp","href":"https:\/\/api.w.org\/{rel}","templated":true}]}}