{"id":541,"date":"2020-04-28T21:15:14","date_gmt":"2020-04-28T21:15:14","guid":{"rendered":"https:\/\/avatud.tthk.ee\/?page_id=541"},"modified":"2020-04-28T21:15:15","modified_gmt":"2020-04-28T21:15:15","slug":"opilaskodu","status":"publish","type":"page","link":"https:\/\/avatud.tthk.ee\/?page_id=541","title":{"rendered":"\u00d5pilaskodu"},"content":{"rendered":"\n<p>\u00a0Koolis asub \u00f5pilaskodu ja kool pakub kohta renoveeritud \u00f5pilaskodus taskukohase hinnaga v\u00e4ljaspool Tallinna \u00f5ppima asunud \u00f5pilastele.<\/p>\n\n\n\n<p>Esmakursuslastele m\u00e4\u00e4ratakse koht \u00f5pilaskodus sisseastumiskatsete l\u00f5ppedes vestlusel. \u00d5ppeperioodil saab esitada taotluse vabanevatele kohtadele.<\/p>\n\n\n\n<p>Enamus tubadest \u00f5pilaskodus on kahekohalised, leiduvad ka m\u00f5ned \u00fche \u2013 ja kolmekohalised toad. Boksis on kaks tuba, k\u00f6\u00f6ginurk (pliit, k\u00fclmkapp), tualett ja du\u0161inurk.<\/p>\n\n\n\n<p>Voodipesu, tekid, padjad ja p\u00e4evatekid on \u00f5pilaskodus olemas. Soovi korral saab \u00f5pilane neid laenutada.<\/p>\n\n\n\n<p>\u00d5pilaskodusse elama tulles s\u00f5lmitakse \u00fc\u00fcrileping. Kui \u00f5pilane ei soovi enam \u00f5pilaskodus elada, siis teatab ta sellest \u00f5pilaskodu juhatajale ning ta kustutatakse elanike nimekirjast. V\u00e4lja kirjutamata \u00f5pilane on kohustatud tasuma kohamaksu.<\/p>\n\n\n\n<p>Tallinna T\u00f6\u00f6stushariduskeskuse \u00f5pilaste kohatasu on 35,00 (kolmk\u00fcmmend viis) eurot kuus, millele lisanduvad kommunaalmaksed (elekter, vesi) m\u00f5\u00f5dukite alusel. T\u00e4psem info <a href=\"http:\/\/www.tthk.ee\/wp-content\/uploads\/2015\/08\/Opilaskodu_hinnakirja_kinnitamine.pdf\">hinnakirjas.<\/a><\/p>\n","protected":false},"excerpt":{"rendered":"<p>\u00a0Koolis asub \u00f5pilaskodu ja kool pakub kohta renoveeritud \u00f5pilaskodus taskukohase hinnaga v\u00e4ljaspool Tallinna \u00f5ppima asunud \u00f5pilastele. Esmakursuslastele m\u00e4\u00e4ratakse koht \u00f5pilaskodus sisseastumiskatsete l\u00f5ppedes vestlusel. \u00d5ppeperioodil saab esitada taotluse vabanevatele kohtadele. Enamus tubadest \u00f5pilaskodus on kahekohalised, leiduvad ka m\u00f5ned \u00fche \u2013 ja kolmekohalised toad. Boksis on kaks tuba, k\u00f6\u00f6ginurk (pliit, k\u00fclmkapp), tualett ja du\u0161inurk. Voodipesu, tekid, padjad &hellip; <\/p>\n<p class=\"link-more\"><a href=\"https:\/\/avatud.tthk.ee\/?page_id=541\" class=\"more-link\">Loe edasi<span class=\"screen-reader-text\"> &#8220;\u00d5pilaskodu&#8221;<\/span><\/a><\/p>\n","protected":false},"author":3,"featured_media":0,"parent":0,"menu_order":0,"comment_status":"closed","ping_status":"closed","template":"","meta":{"footnotes":""},"class_list":["post-541","page","type-page","status-publish","hentry"],"yoast_head":"<!-- This site is optimized with the Yoast SEO plugin v22.5 - https:\/\/yoast.com\/wordpress\/plugins\/seo\/ -->\n<title>\u00d5pilaskodu -<\/title>\n<meta name=\"robots\" content=\"index, follow, max-snippet:-1, max-image-preview:large, max-video-preview:-1\" \/>\n<link rel=\"canonical\" href=\"https:\/\/avatud.tthk.ee\/?page_id=541\" \/>\n<meta property=\"og:locale\" content=\"et_EE\" \/>\n<meta property=\"og:type\" content=\"article\" \/>\n<meta property=\"og:title\" content=\"\u00d5pilaskodu -\" \/>\n<meta property=\"og:description\" content=\"\u00a0Koolis asub \u00f5pilaskodu ja kool pakub kohta renoveeritud \u00f5pilaskodus taskukohase hinnaga v\u00e4ljaspool Tallinna \u00f5ppima asunud \u00f5pilastele. Esmakursuslastele m\u00e4\u00e4ratakse koht \u00f5pilaskodus sisseastumiskatsete l\u00f5ppedes vestlusel. \u00d5ppeperioodil saab esitada taotluse vabanevatele kohtadele. Enamus tubadest \u00f5pilaskodus on kahekohalised, leiduvad ka m\u00f5ned \u00fche \u2013 ja kolmekohalised toad. Boksis on kaks tuba, k\u00f6\u00f6ginurk (pliit, k\u00fclmkapp), tualett ja du\u0161inurk. Voodipesu, tekid, padjad &hellip; Loe edasi &quot;\u00d5pilaskodu&quot;\" \/>\n<meta property=\"og:url\" content=\"https:\/\/avatud.tthk.ee\/?page_id=541\" \/>\n<meta property=\"article:modified_time\" content=\"2020-04-28T21:15:15+00:00\" \/>\n<meta name=\"twitter:card\" content=\"summary_large_image\" \/>\n<meta name=\"twitter:label1\" content=\"Est. reading time\" \/>\n\t<meta name=\"twitter:data1\" content=\"1 minut\" \/>\n<script type=\"application\/ld+json\" class=\"yoast-schema-graph\">{\"@context\":\"https:\/\/schema.org\",\"@graph\":[{\"@type\":\"WebPage\",\"@id\":\"https:\/\/avatud.tthk.ee\/?page_id=541\",\"url\":\"https:\/\/avatud.tthk.ee\/?page_id=541\",\"name\":\"\u00d5pilaskodu -\",\"isPartOf\":{\"@id\":\"https:\/\/avatud.tthk.ee\/#website\"},\"datePublished\":\"2020-04-28T21:15:14+00:00\",\"dateModified\":\"2020-04-28T21:15:15+00:00\",\"breadcrumb\":{\"@id\":\"https:\/\/avatud.tthk.ee\/?page_id=541#breadcrumb\"},\"inLanguage\":\"et\",\"potentialAction\":[{\"@type\":\"ReadAction\",\"target\":[\"https:\/\/avatud.tthk.ee\/?page_id=541\"]}]},{\"@type\":\"BreadcrumbList\",\"@id\":\"https:\/\/avatud.tthk.ee\/?page_id=541#breadcrumb\",\"itemListElement\":[{\"@type\":\"ListItem\",\"position\":1,\"name\":\"Home\",\"item\":\"https:\/\/avatud.tthk.ee\/\"},{\"@type\":\"ListItem\",\"position\":2,\"name\":\"\u00d5pilaskodu\"}]},{\"@type\":\"WebSite\",\"@id\":\"https:\/\/avatud.tthk.ee\/#website\",\"url\":\"https:\/\/avatud.tthk.ee\/\",\"name\":\"\",\"description\":\"\",\"potentialAction\":[{\"@type\":\"SearchAction\",\"target\":{\"@type\":\"EntryPoint\",\"urlTemplate\":\"https:\/\/avatud.tthk.ee\/?s={search_term_string}\"},\"query-input\":\"required name=search_term_string\"}],\"inLanguage\":\"et\"}]}<\/script>\n<!-- \/ Yoast SEO plugin. -->","yoast_head_json":{"title":"\u00d5pilaskodu -","robots":{"index":"index","follow":"follow","max-snippet":"max-snippet:-1","max-image-preview":"max-image-preview:large","max-video-preview":"max-video-preview:-1"},"canonical":"https:\/\/avatud.tthk.ee\/?page_id=541","og_locale":"et_EE","og_type":"article","og_title":"\u00d5pilaskodu -","og_description":"\u00a0Koolis asub \u00f5pilaskodu ja kool pakub kohta renoveeritud \u00f5pilaskodus taskukohase hinnaga v\u00e4ljaspool Tallinna \u00f5ppima asunud \u00f5pilastele. Esmakursuslastele m\u00e4\u00e4ratakse koht \u00f5pilaskodus sisseastumiskatsete l\u00f5ppedes vestlusel. \u00d5ppeperioodil saab esitada taotluse vabanevatele kohtadele. Enamus tubadest \u00f5pilaskodus on kahekohalised, leiduvad ka m\u00f5ned \u00fche \u2013 ja kolmekohalised toad. Boksis on kaks tuba, k\u00f6\u00f6ginurk (pliit, k\u00fclmkapp), tualett ja du\u0161inurk. Voodipesu, tekid, padjad &hellip; Loe edasi \"\u00d5pilaskodu\"","og_url":"https:\/\/avatud.tthk.ee\/?page_id=541","article_modified_time":"2020-04-28T21:15:15+00:00","twitter_card":"summary_large_image","twitter_misc":{"Est. reading time":"1 minut"},"schema":{"@context":"https:\/\/schema.org","@graph":[{"@type":"WebPage","@id":"https:\/\/avatud.tthk.ee\/?page_id=541","url":"https:\/\/avatud.tthk.ee\/?page_id=541","name":"\u00d5pilaskodu -","isPartOf":{"@id":"https:\/\/avatud.tthk.ee\/#website"},"datePublished":"2020-04-28T21:15:14+00:00","dateModified":"2020-04-28T21:15:15+00:00","breadcrumb":{"@id":"https:\/\/avatud.tthk.ee\/?page_id=541#breadcrumb"},"inLanguage":"et","potentialAction":[{"@type":"ReadAction","target":["https:\/\/avatud.tthk.ee\/?page_id=541"]}]},{"@type":"BreadcrumbList","@id":"https:\/\/avatud.tthk.ee\/?page_id=541#breadcrumb","itemListElement":[{"@type":"ListItem","position":1,"name":"Home","item":"https:\/\/avatud.tthk.ee\/"},{"@type":"ListItem","position":2,"name":"\u00d5pilaskodu"}]},{"@type":"WebSite","@id":"https:\/\/avatud.tthk.ee\/#website","url":"https:\/\/avatud.tthk.ee\/","name":"","description":"","potentialAction":[{"@type":"SearchAction","target":{"@type":"EntryPoint","urlTemplate":"https:\/\/avatud.tthk.ee\/?s={search_term_string}"},"query-input":"required name=search_term_string"}],"inLanguage":"et"}]}},"jetpack_sharing_enabled":true,"_links":{"self":[{"href":"https:\/\/avatud.tthk.ee\/index.php?rest_route=\/wp\/v2\/pages\/541","targetHints":{"allow":["GET"]}}],"collection":[{"href":"https:\/\/avatud.tthk.ee\/index.php?rest_route=\/wp\/v2\/pages"}],"about":[{"href":"https:\/\/avatud.tthk.ee\/index.php?rest_route=\/wp\/v2\/types\/page"}],"author":[{"embeddable":true,"href":"https:\/\/avatud.tthk.ee\/index.php?rest_route=\/wp\/v2\/users\/3"}],"replies":[{"embeddable":true,"href":"https:\/\/avatud.tthk.ee\/index.php?rest_route=%2Fwp%2Fv2%2Fcomments&post=541"}],"version-history":[{"count":1,"href":"https:\/\/avatud.tthk.ee\/index.php?rest_route=\/wp\/v2\/pages\/541\/revisions"}],"predecessor-version":[{"id":542,"href":"https:\/\/avatud.tthk.ee\/index.php?rest_route=\/wp\/v2\/pages\/541\/revisions\/542"}],"wp:attachment":[{"href":"https:\/\/avatud.tthk.ee\/index.php?rest_route=%2Fwp%2Fv2%2Fmedia&parent=541"}],"curies":[{"name":"wp","href":"https:\/\/api.w.org\/{rel}","templated":true}]}}