{"id":1308,"date":"2023-03-13T08:27:35","date_gmt":"2023-03-13T08:27:35","guid":{"rendered":"https:\/\/avatud.tthk.ee\/?page_id=1308"},"modified":"2025-04-10T07:06:05","modified_gmt":"2025-04-10T07:06:05","slug":"ajakava","status":"publish","type":"page","link":"https:\/\/avatud.tthk.ee\/?page_id=1308","title":{"rendered":"Ajakava"},"content":{"rendered":"\n<p><\/p>\n\n\n\n<figure class=\"wp-block-table\"><table><tbody><tr><td>10.00<\/td><td>Avamine<\/td><\/tr><tr><td>10.00-15.00<\/td><td><a href=\"https:\/\/avatud.tthk.ee\/?page_id=1337\">T\u00f6\u00f6toad<\/a><\/td><\/tr><tr><td>10.00-16.00<\/td><td> <a href=\"https:\/\/avatud.tthk.ee\/?page_id=1348\">N\u00e4itused<\/a><\/td><\/tr><tr><td>10.00 &#8211; 16.00 <\/td><td><a href=\"https:\/\/avatud.tthk.ee\/?page_id=1356\">Ekskursioonid<\/a><\/td><\/tr><tr><td>10.00 &#8211; 15.00 <\/td><td>Avatud \u00f5ppekauplus<\/td><\/tr><tr><td>10.00 &#8211; 15.00 <\/td><td>Kohvik<\/td><\/tr><tr><td>16.00<\/td><td>\u00dcrituse l\u00f5pp<\/td><\/tr><\/tbody><\/table><figcaption class=\"wp-element-caption\">NB! Ajakavas v\u00f5ib esineda muudatusi<\/figcaption><\/figure>\n","protected":false},"excerpt":{"rendered":"<p>10.00 Avamine 10.00-15.00 T\u00f6\u00f6toad 10.00-16.00 N\u00e4itused 10.00 &#8211; 16.00 Ekskursioonid 10.00 &#8211; 15.00 Avatud \u00f5ppekauplus 10.00 &#8211; 15.00 Kohvik 16.00 \u00dcrituse l\u00f5pp NB! Ajakavas v\u00f5ib esineda muudatusi<\/p>\n","protected":false},"author":3,"featured_media":0,"parent":0,"menu_order":0,"comment_status":"closed","ping_status":"closed","template":"","meta":{"footnotes":""},"class_list":["post-1308","page","type-page","status-publish","hentry"],"yoast_head":"<!-- This site is optimized with the Yoast SEO plugin v22.5 - https:\/\/yoast.com\/wordpress\/plugins\/seo\/ -->\n<title>Ajakava -<\/title>\n<meta name=\"robots\" content=\"index, follow, max-snippet:-1, max-image-preview:large, max-video-preview:-1\" \/>\n<link rel=\"canonical\" href=\"https:\/\/avatud.tthk.ee\/?page_id=1308\" \/>\n<meta property=\"og:locale\" content=\"et_EE\" \/>\n<meta property=\"og:type\" content=\"article\" \/>\n<meta property=\"og:title\" content=\"Ajakava -\" \/>\n<meta property=\"og:description\" content=\"10.00 Avamine 10.00-15.00 T\u00f6\u00f6toad 10.00-16.00 N\u00e4itused 10.00 &#8211; 16.00 Ekskursioonid 10.00 &#8211; 15.00 Avatud \u00f5ppekauplus 10.00 &#8211; 15.00 Kohvik 16.00 \u00dcrituse l\u00f5pp NB! Ajakavas v\u00f5ib esineda muudatusi\" \/>\n<meta property=\"og:url\" content=\"https:\/\/avatud.tthk.ee\/?page_id=1308\" \/>\n<meta property=\"article:modified_time\" content=\"2025-04-10T07:06:05+00:00\" \/>\n<meta name=\"twitter:card\" content=\"summary_large_image\" \/>\n<meta name=\"twitter:label1\" content=\"Est. reading time\" \/>\n\t<meta name=\"twitter:data1\" content=\"1 minut\" \/>\n<script type=\"application\/ld+json\" class=\"yoast-schema-graph\">{\"@context\":\"https:\/\/schema.org\",\"@graph\":[{\"@type\":\"WebPage\",\"@id\":\"https:\/\/avatud.tthk.ee\/?page_id=1308\",\"url\":\"https:\/\/avatud.tthk.ee\/?page_id=1308\",\"name\":\"Ajakava -\",\"isPartOf\":{\"@id\":\"https:\/\/avatud.tthk.ee\/#website\"},\"datePublished\":\"2023-03-13T08:27:35+00:00\",\"dateModified\":\"2025-04-10T07:06:05+00:00\",\"breadcrumb\":{\"@id\":\"https:\/\/avatud.tthk.ee\/?page_id=1308#breadcrumb\"},\"inLanguage\":\"et\",\"potentialAction\":[{\"@type\":\"ReadAction\",\"target\":[\"https:\/\/avatud.tthk.ee\/?page_id=1308\"]}]},{\"@type\":\"BreadcrumbList\",\"@id\":\"https:\/\/avatud.tthk.ee\/?page_id=1308#breadcrumb\",\"itemListElement\":[{\"@type\":\"ListItem\",\"position\":1,\"name\":\"Home\",\"item\":\"https:\/\/avatud.tthk.ee\/\"},{\"@type\":\"ListItem\",\"position\":2,\"name\":\"Ajakava\"}]},{\"@type\":\"WebSite\",\"@id\":\"https:\/\/avatud.tthk.ee\/#website\",\"url\":\"https:\/\/avatud.tthk.ee\/\",\"name\":\"\",\"description\":\"\",\"potentialAction\":[{\"@type\":\"SearchAction\",\"target\":{\"@type\":\"EntryPoint\",\"urlTemplate\":\"https:\/\/avatud.tthk.ee\/?s={search_term_string}\"},\"query-input\":\"required name=search_term_string\"}],\"inLanguage\":\"et\"}]}<\/script>\n<!-- \/ Yoast SEO plugin. -->","yoast_head_json":{"title":"Ajakava -","robots":{"index":"index","follow":"follow","max-snippet":"max-snippet:-1","max-image-preview":"max-image-preview:large","max-video-preview":"max-video-preview:-1"},"canonical":"https:\/\/avatud.tthk.ee\/?page_id=1308","og_locale":"et_EE","og_type":"article","og_title":"Ajakava -","og_description":"10.00 Avamine 10.00-15.00 T\u00f6\u00f6toad 10.00-16.00 N\u00e4itused 10.00 &#8211; 16.00 Ekskursioonid 10.00 &#8211; 15.00 Avatud \u00f5ppekauplus 10.00 &#8211; 15.00 Kohvik 16.00 \u00dcrituse l\u00f5pp NB! Ajakavas v\u00f5ib esineda muudatusi","og_url":"https:\/\/avatud.tthk.ee\/?page_id=1308","article_modified_time":"2025-04-10T07:06:05+00:00","twitter_card":"summary_large_image","twitter_misc":{"Est. reading time":"1 minut"},"schema":{"@context":"https:\/\/schema.org","@graph":[{"@type":"WebPage","@id":"https:\/\/avatud.tthk.ee\/?page_id=1308","url":"https:\/\/avatud.tthk.ee\/?page_id=1308","name":"Ajakava -","isPartOf":{"@id":"https:\/\/avatud.tthk.ee\/#website"},"datePublished":"2023-03-13T08:27:35+00:00","dateModified":"2025-04-10T07:06:05+00:00","breadcrumb":{"@id":"https:\/\/avatud.tthk.ee\/?page_id=1308#breadcrumb"},"inLanguage":"et","potentialAction":[{"@type":"ReadAction","target":["https:\/\/avatud.tthk.ee\/?page_id=1308"]}]},{"@type":"BreadcrumbList","@id":"https:\/\/avatud.tthk.ee\/?page_id=1308#breadcrumb","itemListElement":[{"@type":"ListItem","position":1,"name":"Home","item":"https:\/\/avatud.tthk.ee\/"},{"@type":"ListItem","position":2,"name":"Ajakava"}]},{"@type":"WebSite","@id":"https:\/\/avatud.tthk.ee\/#website","url":"https:\/\/avatud.tthk.ee\/","name":"","description":"","potentialAction":[{"@type":"SearchAction","target":{"@type":"EntryPoint","urlTemplate":"https:\/\/avatud.tthk.ee\/?s={search_term_string}"},"query-input":"required name=search_term_string"}],"inLanguage":"et"}]}},"jetpack_sharing_enabled":true,"_links":{"self":[{"href":"https:\/\/avatud.tthk.ee\/index.php?rest_route=\/wp\/v2\/pages\/1308","targetHints":{"allow":["GET"]}}],"collection":[{"href":"https:\/\/avatud.tthk.ee\/index.php?rest_route=\/wp\/v2\/pages"}],"about":[{"href":"https:\/\/avatud.tthk.ee\/index.php?rest_route=\/wp\/v2\/types\/page"}],"author":[{"embeddable":true,"href":"https:\/\/avatud.tthk.ee\/index.php?rest_route=\/wp\/v2\/users\/3"}],"replies":[{"embeddable":true,"href":"https:\/\/avatud.tthk.ee\/index.php?rest_route=%2Fwp%2Fv2%2Fcomments&post=1308"}],"version-history":[{"count":15,"href":"https:\/\/avatud.tthk.ee\/index.php?rest_route=\/wp\/v2\/pages\/1308\/revisions"}],"predecessor-version":[{"id":1886,"href":"https:\/\/avatud.tthk.ee\/index.php?rest_route=\/wp\/v2\/pages\/1308\/revisions\/1886"}],"wp:attachment":[{"href":"https:\/\/avatud.tthk.ee\/index.php?rest_route=%2Fwp%2Fv2%2Fmedia&parent=1308"}],"curies":[{"name":"wp","href":"https:\/\/api.w.org\/{rel}","templated":true}]}}